{"id":1000,"date":"2025-06-16T17:55:19","date_gmt":"2025-06-16T15:55:19","guid":{"rendered":"https:\/\/tecnoras.com\/datenschutzrichtlinie\/"},"modified":"2025-10-03T09:26:03","modified_gmt":"2025-10-03T07:26:03","slug":"datenschutzrichtlinie","status":"publish","type":"page","link":"https:\/\/tecnoras.com\/de\/datenschutzrichtlinie\/","title":{"rendered":"Datenschutzrichtlinie"},"content":{"rendered":"\n<p><strong>Verantwortlicher<\/strong><\/p>\n\n<p>Das f\u00fcr die Verarbeitung Ihrer Daten im Rahmen dieser Datenschutzrichtlinie verantwortliche Unternehmen ist:<\/p>\n\n<ul class=\"wp-block-list\">\n<li>TECNORAS, S.A.<br\/><strong>NIF<\/strong>: A-58386921<\/li>\n\n\n\n<li><strong>Adresse<\/strong>: AVENUE DE LA MARINA, 50D, 08830, SANT BOI DE LLOBREGAT, Barcelona.<\/li>\n\n\n\n<li><strong>E-Mail-Adresse<\/strong>: info@tecnoras.com<\/li>\n\n\n\n<li><strong>Webseite<\/strong>: <a href=\"http:\/\/tecnoras.com\/\">http:\/\/tecnoras.com\/<\/a><\/li>\n\n\n\n<li><strong>Telefon: <\/strong>+34 936 528 037<\/li>\n\n\n\n<li>Eingetragen im Handelsregister von Barcelona, \u200b\u200bBand 8607, Folio 01113, Blatt Nr. B 100266, Buch 7852, Eintrag 1.<\/li>\n\n\n\n<li>Wir bei TECNORAS, S.A. sind uns bewusst, wie wichtig der Schutz Ihrer pers\u00f6nlichen Daten ist, und wir verpflichten uns, diese verantwortungsvoll und in \u00dcbereinstimmung mit den Datenschutzgesetzen zu behandeln.<br\/>Diese Datenschutzerkl\u00e4rung soll alle Aspekte der Verarbeitung der Daten der verschiedenen Benutzer regeln, die die verschiedenen Formulare auf der Website durchsuchen oder ihre pers\u00f6nlichen Daten angeben.<\/li>\n<\/ul>\n\n<p><strong>Personenbezogene Daten<\/strong><\/p>\n\n<p>Personenbezogene Daten sind Informationen, die Sie identifizieren oder identifizierbar machen. \u00dcber die Website erfassen wir die personenbezogenen Daten, die Sie uns in den daf\u00fcr vorgesehenen Feldern zur Verf\u00fcgung stellen: Vor- und Nachname, E-Mail-Adresse, Telefonnummer, Postanschrift, Ort usw. sowie alle Daten, die Sie uns freiwillig \u00fcber eines der sozialen Netzwerke, bei denen Sie registriert sind, zur Verf\u00fcgung stellen. In diesem Fall h\u00e4ngt der Datenschutz von den vom Nutzer festgelegten Einstellungen sowie den Nutzungsbedingungen des sozialen Netzwerks ab.  <\/p>\n\n<p>F\u00fcr den Besuch der Website ist es nicht erforderlich, dass der Nutzer personenbezogene Daten angibt. Sollten dennoch Daten angegeben werden, erfolgt die Verarbeitung rechtm\u00e4\u00dfig und unterliegt stets den Grunds\u00e4tzen und Rechten der DSGVO 2016\/679 vom 27. April 2016 und des LOPDGDD 3\/2018 vom 5. Dezember. <\/p>\n\n<p><strong>Zweck, Dauer und Rechtm\u00e4\u00dfigkeit der Verarbeitung: <\/strong>Wir verarbeiten die von Ihnen bereitgestellten Daten zu folgenden Zwecken:<br\/>Um auf Ihre Anfrage \u00fcber das <strong>Kontaktformular<\/strong> auf der Website zu antworten. Wir erheben und verarbeiten Ihre personenbezogenen Daten, um Ihre Anfrage, Ihr Anliegen oder sonstige Anfragen, die Sie \u00fcber dieses Formular stellen, zu bearbeiten und zu verwalten. Wir speichern diese Daten so lange, wie es zur Bearbeitung Ihrer Anfrage erforderlich ist, sowie f\u00fcr den gesetzlich vorgeschriebenen Zeitraum, mindestens jedoch f\u00fcr drei Jahre.  <\/p>\n\n<p>Die Rechtsgrundlage f\u00fcr die Datenverarbeitung ist die Einwilligung des Nutzers, die er durch Ankreuzen des entsprechenden K\u00e4stchens in unserer Datenschutzerkl\u00e4rung vor dem Absenden der Anfrage erteilt. Der Nutzer hat das Recht, seine Einwilligung jederzeit zu widerrufen, ohne dass die Rechtm\u00e4\u00dfigkeit der aufgrund der Einwilligung bis zum Widerruf erfolgten Verarbeitung ber\u00fchrt wird. <\/p>\n\n<p>Verbessern Sie Ihr Browser-Erlebnis. Wir speichern diese Daten, solange der Nutzer seine Einwilligung zur Verarbeitung nicht durch L\u00f6schen der Cookies widerruft, sowie f\u00fcr den gesetzlich festgelegten Zeitraum, mindestens jedoch f\u00fcr 3 Jahre. <\/p>\n\n<p>Die Rechtsgrundlage f\u00fcr die Verbesserung Ihres Browser-Erlebnisses ist Ihre Einwilligung zur Verwendung von Cookies. Sie haben das Recht, Ihre Einwilligung jederzeit zu widerrufen, ohne dass dadurch die Rechtm\u00e4\u00dfigkeit der aufgrund der Einwilligung bis zum Widerruf erfolgten Verarbeitung ber\u00fchrt wird. <\/p>\n\n<p>Verwalten Sie unsere<strong> Social-Media-Konten<\/strong> und senden Sie Ihnen Informationen \u00fcber unsere Aktivit\u00e4ten und Produkte. Wir speichern diese Daten, solange der Nutzer seine Einwilligung zur Verarbeitung nicht widerruft und f\u00fcr den gesetzlich vorgeschriebenen Zeitraum, mindestens jedoch drei Jahre. <\/p>\n\n<p>Die Rechtsgrundlage f\u00fcr die Verwaltung unserer sozialen Medien und die \u00dcbermittlung unserer Aktivit\u00e4ten und Neuigkeiten an Sie ist Ihre Einwilligung. Nutzer haben das Recht, ihre Einwilligung jederzeit zu widerrufen, ohne dass die Rechtm\u00e4\u00dfigkeit der aufgrund der Einwilligung bis zum Widerruf erfolgten Verarbeitung ber\u00fchrt wird. <\/p>\n\n<p><strong>Datenaktualisierung<\/strong><\/p>\n\n<p>Es ist wichtig, dass Sie uns \u00fcber \u00c4nderungen Ihrer personenbezogenen Daten informieren, damit wir diese auf dem neuesten Stand halten k\u00f6nnen. Andernfalls k\u00f6nnen wir f\u00fcr deren Richtigkeit nicht verantwortlich gemacht werden.<\/p>\n\n<p>Der Nutzer garantiert, dass die von ihm angegebenen personenbezogenen Daten wahrheitsgem\u00e4\u00df sind und dass alle Angaben den tats\u00e4chlichen Verh\u00e4ltnissen entsprechen, aktuell und richtig sind und verpflichtet ist, etwaige \u00c4nderungen mitzuteilen.<\/p>\n\n<p><strong>Daten von Drittanbietern<\/strong><\/p>\n\n<p>Wenn der Benutzer TECNORAS, S.A. Daten Dritter zu irgendeinem Zweck zur Verf\u00fcgung stellt, garantiert er, dass er diese Daten rechtm\u00e4\u00dfig erhalten hat, dass er die betroffenen Parteien zuvor informiert und ihre Zustimmung zur Weitergabe eingeholt hat und dass die bereitgestellten Informationen genau und wahrheitsgem\u00e4\u00df sind.<\/p>\n\n<p><strong>Obligatorischer Charakter der angeforderten Informationen<\/strong><\/p>\n\n<p>Alle unsere Formulare sind mit einem Sternchen (*) neben den Pflichtfeldern gekennzeichnet. Wenn der Benutzer diese Felder nicht ausf\u00fcllt oder das K\u00e4stchen zur Zustimmung zur Datenschutzrichtlinie nicht aktiviert, werden die Informationen nicht \u00fcbermittelt. <\/p>\n\n<p><strong>Verwendung von Passw\u00f6rtern<\/strong><\/p>\n\n<p>Um auf den privaten Bereich zuzugreifen, muss sich der BENUTZER \u201eanmelden\u201c und die im Registrierungsformular generierte E-Mail-Adresse und das Passwort gem\u00e4\u00df den von Zeit zu Zeit auf der Website festgelegten Komplexit\u00e4tsregeln eingeben.<br\/>Die Benutzer sind f\u00fcr die ordnungsgem\u00e4\u00dfe Aufbewahrung und Vertraulichkeit aller Kennungen und\/oder Passw\u00f6rter verantwortlich, die sie w\u00e4hrend der Registrierung ausgew\u00e4hlt haben, und erkl\u00e4ren sich damit einverstanden, deren Nutzung nicht an Dritte weiterzugeben oder anderen Personen als sich selbst Zugriff darauf zu gew\u00e4hren.<br\/>Ebenso ist der Benutzer verpflichtet, den Verantwortlichen unverz\u00fcglich \u00fcber alle Ereignisse zu informieren, die zu einer missbr\u00e4uchlichen Verwendung der Kennungen und\/oder Passw\u00f6rter f\u00fchren k\u00f6nnen, wie etwa Diebstahl, Verlust oder unbefugter Zugriff darauf, damit diese umgehend gel\u00f6scht werden k\u00f6nnen.<\/p>\n\n<p><strong>Rechte der Betroffenen:<\/strong><\/p>\n\n<p>Sie haben das Recht, auf Ihre Daten zuzugreifen und eine Best\u00e4tigung der Verarbeitung sowie eine Kopie der verarbeiteten personenbezogenen Daten zu erhalten. Sie haben das Recht, Ihre Daten zu aktualisieren, die Berichtigung unrichtiger Daten zu verlangen oder deren L\u00f6schung zu verlangen, wenn die Daten f\u00fcr die Zwecke, f\u00fcr die sie erhoben wurden, nicht mehr ben\u00f6tigt werden. Sie k\u00f6nnen die Einschr\u00e4nkung der Verarbeitung Ihrer Daten verlangen und der Verarbeitung durch Widerruf Ihrer Einwilligung widersprechen sowie Ihr Recht auf Daten\u00fcbertragbarkeit aus\u00fcben. Ebenso haben Sie das Recht, keinen Entscheidungen unterworfen zu werden, die ausschlie\u00dflich auf der automatisierten Verarbeitung Ihrer personenbezogenen Daten beruhen. Sie k\u00f6nnen Ihre Rechte aus\u00fcben, indem Sie uns bei AV kontaktieren.     DE LA MARINA, 50D, 08830, SANT BOI DE LLOBREGAT, Barcelona. E-Mail: info@tecnoras.com<br\/>Wenn Sie der Meinung sind, dass Ihre Rechte nicht ordnungsgem\u00e4\u00df gewahrt wurden, haben Sie das Recht, bei der Aufsichtsbeh\u00f6rde unter www.aepd.es Beschwerde einzulegen.<\/p>\n\n<p><strong>Verarbeitung von Daten Minderj\u00e4hriger<\/strong><\/p>\n\n<p>Wer Daten \u00fcber die Formulare dieser Website eingibt und deren Verarbeitung zustimmt, erkl\u00e4rt, \u00fcber 14 Jahre alt zu sein. Minderj\u00e4hrigen unter diesem Alter ist der Zugang und die Nutzung des Portals untersagt. Wenn der Verantwortliche zu irgendeinem Zeitpunkt feststellt, dass ein Kind unter 14 Jahren personenbezogene Daten bereitgestellt hat, werden wir diese l\u00f6schen. Ebenso k\u00f6nnen Eltern oder Erziehungsberechtigte unter allen Umst\u00e4nden TECNORAS, S.A. kontaktieren, um das Zugangskonto von Minderj\u00e4hrigen in ihrer Obhut zu sperren, die sich unter falscher Identit\u00e4t registriert haben.  <\/p>\n\n<p><strong>Soziale Medien<\/strong><\/p>\n\n<p>Der Zweck von Tools wie Facebook, Twitter, Instagram usw. und anderen Social-Media-Plattformen besteht darin, das Bewusstsein zu sch\u00e4rfen und die Aktivit\u00e4ten unserer Organisation zu verbreiten. Diese Tools speichern personenbezogene Daten auf den Servern der jeweiligen Dienste und unterliegen ihren eigenen Datenschutzrichtlinien. Es wird empfohlen, dass Sie bei der Registrierung die Nutzungsbedingungen und Datenschutzrichtlinien des sozialen Netzwerks \u00fcberpr\u00fcfen und lesen und dabei die verschiedenen Einstellungen f\u00fcr die Datenschutzstufe Ihres Benutzerprofils im sozialen Netzwerk ber\u00fccksichtigen.<br\/>Dar\u00fcber hinaus beh\u00e4lt sich der Verantwortliche das Recht vor, von Dritten ver\u00f6ffentlichte Informationen aus seinen sozialen Netzwerken zu entfernen, die gegen das Gesetz versto\u00dfen, andere dazu auffordern oder Nachrichten enthalten, die die W\u00fcrde von Personen oder Institutionen verletzen. Sowie das Recht, das Profil, das diese Nachrichten gepostet hat, zu blockieren oder zu melden.   <\/p>\n\n<p><strong>Cookie-Verarbeitung:<\/strong><\/p>\n\n<p>Ein Cookie ist eine kleine Datei, die heruntergeladen und auf dem Computer des Benutzers gespeichert wird, wenn dieser auf eine Website zugreift. Cookies erm\u00f6glichen es der Website unter anderem, Informationen \u00fcber das Surfverhalten des Nutzers oder seines Ger\u00e4ts zu speichern und abzurufen. Abh\u00e4ngig von den darin enthaltenen Informationen und der Art und Weise, wie der Nutzer sein Ger\u00e4t nutzt, k\u00f6nnen sie zur Wiedererkennung des Nutzers verwendet werden. Der Nutzer hat die M\u00f6glichkeit, die Speicherung von Cookies durch Auswahl der entsprechenden Option in seinem Browser zu verhindern. Weitere Informationen finden Sie in unserer <a href=\"https:\/\/tecnoras.com\/de\/cokie-richtlinie\/\">Cookie-Richtlinie<\/a>.  <\/p>\n","protected":false},"excerpt":{"rendered":"<p>Verantwortlicher Das f\u00fcr die Verarbeitung Ihrer Daten im Rahmen dieser Datenschutzrichtlinie verantwortliche Unternehmen ist: Personenbezogene Daten Personenbezogene Daten sind Informationen, die Sie identifizieren oder identifizierbar machen. \u00dcber die Website erfassen wir die personenbezogenen Daten, die Sie uns in den daf\u00fcr vorgesehenen Feldern zur Verf\u00fcgung stellen: Vor- und Nachname, E-Mail-Adresse, Telefonnummer, Postanschrift, Ort usw. sowie alle&#8230;<\/p>\n","protected":false},"author":2,"featured_media":0,"parent":0,"menu_order":0,"comment_status":"closed","ping_status":"closed","template":"","meta":{"_kadence_starter_templates_imported_post":false,"_kad_post_transparent":"","_kad_post_title":"","_kad_post_layout":"","_kad_post_sidebar_id":"","_kad_post_content_style":"","_kad_post_vertical_padding":"","_kad_post_feature":"","_kad_post_feature_position":"","_kad_post_header":false,"_kad_post_footer":false,"_kad_post_classname":"","footnotes":""},"class_list":["post-1000","page","type-page","status-publish","hentry"],"yoast_head":"<!-- This site is optimized with the Yoast SEO plugin v26.8 - https:\/\/yoast.com\/product\/yoast-seo-wordpress\/ -->\n<title>Datenschutzrichtlinie - tecnoras<\/title>\n<meta name=\"robots\" content=\"index, follow, max-snippet:-1, max-image-preview:large, max-video-preview:-1\" \/>\n<link rel=\"canonical\" href=\"https:\/\/tecnoras.com\/de\/datenschutzrichtlinie\/\" \/>\n<meta property=\"og:locale\" content=\"de_DE\" \/>\n<meta property=\"og:type\" content=\"article\" \/>\n<meta property=\"og:title\" content=\"Datenschutzrichtlinie - tecnoras\" \/>\n<meta property=\"og:description\" content=\"Verantwortlicher Das f\u00fcr die Verarbeitung Ihrer Daten im Rahmen dieser Datenschutzrichtlinie verantwortliche Unternehmen ist: Personenbezogene Daten Personenbezogene Daten sind Informationen, die Sie identifizieren oder identifizierbar machen. \u00dcber die Website erfassen wir die personenbezogenen Daten, die Sie uns in den daf\u00fcr vorgesehenen Feldern zur Verf\u00fcgung stellen: Vor- und Nachname, E-Mail-Adresse, Telefonnummer, Postanschrift, Ort usw. sowie alle...\" \/>\n<meta property=\"og:url\" content=\"https:\/\/tecnoras.com\/de\/datenschutzrichtlinie\/\" \/>\n<meta property=\"og:site_name\" content=\"tecnoras\" \/>\n<meta property=\"article:modified_time\" content=\"2025-10-03T07:26:03+00:00\" \/>\n<meta name=\"twitter:card\" content=\"summary_large_image\" \/>\n<meta name=\"twitter:label1\" content=\"Gesch\u00e4tzte Lesezeit\" \/>\n\t<meta name=\"twitter:data1\" content=\"7\u00a0Minuten\" \/>\n<script type=\"application\/ld+json\" class=\"yoast-schema-graph\">{\"@context\":\"https:\/\/schema.org\",\"@graph\":[{\"@type\":\"WebPage\",\"@id\":\"https:\/\/tecnoras.com\/de\/datenschutzrichtlinie\/\",\"url\":\"https:\/\/tecnoras.com\/de\/datenschutzrichtlinie\/\",\"name\":\"Datenschutzrichtlinie - tecnoras\",\"isPartOf\":{\"@id\":\"https:\/\/tecnoras.com\/de\/#website\"},\"datePublished\":\"2025-06-16T15:55:19+00:00\",\"dateModified\":\"2025-10-03T07:26:03+00:00\",\"breadcrumb\":{\"@id\":\"https:\/\/tecnoras.com\/de\/datenschutzrichtlinie\/#breadcrumb\"},\"inLanguage\":\"de\",\"potentialAction\":[{\"@type\":\"ReadAction\",\"target\":[\"https:\/\/tecnoras.com\/de\/datenschutzrichtlinie\/\"]}]},{\"@type\":\"BreadcrumbList\",\"@id\":\"https:\/\/tecnoras.com\/de\/datenschutzrichtlinie\/#breadcrumb\",\"itemListElement\":[{\"@type\":\"ListItem\",\"position\":1,\"name\":\"Portada\",\"item\":\"https:\/\/tecnoras.com\/de\/\"},{\"@type\":\"ListItem\",\"position\":2,\"name\":\"Datenschutzrichtlinie\"}]},{\"@type\":\"WebSite\",\"@id\":\"https:\/\/tecnoras.com\/de\/#website\",\"url\":\"https:\/\/tecnoras.com\/de\/\",\"name\":\"tecnoras.com\",\"description\":\"Fabricaci\u00f3n de herramientas de metal duro y acero\",\"publisher\":{\"@id\":\"https:\/\/tecnoras.com\/de\/#organization\"},\"potentialAction\":[{\"@type\":\"SearchAction\",\"target\":{\"@type\":\"EntryPoint\",\"urlTemplate\":\"https:\/\/tecnoras.com\/de\/?s={search_term_string}\"},\"query-input\":{\"@type\":\"PropertyValueSpecification\",\"valueRequired\":true,\"valueName\":\"search_term_string\"}}],\"inLanguage\":\"de\"},{\"@type\":\"Organization\",\"@id\":\"https:\/\/tecnoras.com\/de\/#organization\",\"name\":\"TECNORAS, S.A.\",\"url\":\"https:\/\/tecnoras.com\/de\/\",\"logo\":{\"@type\":\"ImageObject\",\"inLanguage\":\"de\",\"@id\":\"https:\/\/tecnoras.com\/de\/#\/schema\/logo\/image\/\",\"url\":\"https:\/\/tecnoras.com\/wp-content\/uploads\/2025\/06\/cropped-logo.jpg\",\"contentUrl\":\"https:\/\/tecnoras.com\/wp-content\/uploads\/2025\/06\/cropped-logo.jpg\",\"width\":361,\"height\":297,\"caption\":\"TECNORAS, S.A.\"},\"image\":{\"@id\":\"https:\/\/tecnoras.com\/de\/#\/schema\/logo\/image\/\"}}]}<\/script>\n<!-- \/ Yoast SEO plugin. -->","yoast_head_json":{"title":"Datenschutzrichtlinie - tecnoras","robots":{"index":"index","follow":"follow","max-snippet":"max-snippet:-1","max-image-preview":"max-image-preview:large","max-video-preview":"max-video-preview:-1"},"canonical":"https:\/\/tecnoras.com\/de\/datenschutzrichtlinie\/","og_locale":"de_DE","og_type":"article","og_title":"Datenschutzrichtlinie - tecnoras","og_description":"Verantwortlicher Das f\u00fcr die Verarbeitung Ihrer Daten im Rahmen dieser Datenschutzrichtlinie verantwortliche Unternehmen ist: Personenbezogene Daten Personenbezogene Daten sind Informationen, die Sie identifizieren oder identifizierbar machen. \u00dcber die Website erfassen wir die personenbezogenen Daten, die Sie uns in den daf\u00fcr vorgesehenen Feldern zur Verf\u00fcgung stellen: Vor- und Nachname, E-Mail-Adresse, Telefonnummer, Postanschrift, Ort usw. sowie alle...","og_url":"https:\/\/tecnoras.com\/de\/datenschutzrichtlinie\/","og_site_name":"tecnoras","article_modified_time":"2025-10-03T07:26:03+00:00","twitter_card":"summary_large_image","twitter_misc":{"Gesch\u00e4tzte Lesezeit":"7\u00a0Minuten"},"schema":{"@context":"https:\/\/schema.org","@graph":[{"@type":"WebPage","@id":"https:\/\/tecnoras.com\/de\/datenschutzrichtlinie\/","url":"https:\/\/tecnoras.com\/de\/datenschutzrichtlinie\/","name":"Datenschutzrichtlinie - tecnoras","isPartOf":{"@id":"https:\/\/tecnoras.com\/de\/#website"},"datePublished":"2025-06-16T15:55:19+00:00","dateModified":"2025-10-03T07:26:03+00:00","breadcrumb":{"@id":"https:\/\/tecnoras.com\/de\/datenschutzrichtlinie\/#breadcrumb"},"inLanguage":"de","potentialAction":[{"@type":"ReadAction","target":["https:\/\/tecnoras.com\/de\/datenschutzrichtlinie\/"]}]},{"@type":"BreadcrumbList","@id":"https:\/\/tecnoras.com\/de\/datenschutzrichtlinie\/#breadcrumb","itemListElement":[{"@type":"ListItem","position":1,"name":"Portada","item":"https:\/\/tecnoras.com\/de\/"},{"@type":"ListItem","position":2,"name":"Datenschutzrichtlinie"}]},{"@type":"WebSite","@id":"https:\/\/tecnoras.com\/de\/#website","url":"https:\/\/tecnoras.com\/de\/","name":"tecnoras.com","description":"Fabricaci\u00f3n de herramientas de metal duro y acero","publisher":{"@id":"https:\/\/tecnoras.com\/de\/#organization"},"potentialAction":[{"@type":"SearchAction","target":{"@type":"EntryPoint","urlTemplate":"https:\/\/tecnoras.com\/de\/?s={search_term_string}"},"query-input":{"@type":"PropertyValueSpecification","valueRequired":true,"valueName":"search_term_string"}}],"inLanguage":"de"},{"@type":"Organization","@id":"https:\/\/tecnoras.com\/de\/#organization","name":"TECNORAS, S.A.","url":"https:\/\/tecnoras.com\/de\/","logo":{"@type":"ImageObject","inLanguage":"de","@id":"https:\/\/tecnoras.com\/de\/#\/schema\/logo\/image\/","url":"https:\/\/tecnoras.com\/wp-content\/uploads\/2025\/06\/cropped-logo.jpg","contentUrl":"https:\/\/tecnoras.com\/wp-content\/uploads\/2025\/06\/cropped-logo.jpg","width":361,"height":297,"caption":"TECNORAS, S.A."},"image":{"@id":"https:\/\/tecnoras.com\/de\/#\/schema\/logo\/image\/"}}]}},"_links":{"self":[{"href":"https:\/\/tecnoras.com\/de\/wp-json\/wp\/v2\/pages\/1000","targetHints":{"allow":["GET"]}}],"collection":[{"href":"https:\/\/tecnoras.com\/de\/wp-json\/wp\/v2\/pages"}],"about":[{"href":"https:\/\/tecnoras.com\/de\/wp-json\/wp\/v2\/types\/page"}],"author":[{"embeddable":true,"href":"https:\/\/tecnoras.com\/de\/wp-json\/wp\/v2\/users\/2"}],"replies":[{"embeddable":true,"href":"https:\/\/tecnoras.com\/de\/wp-json\/wp\/v2\/comments?post=1000"}],"version-history":[{"count":6,"href":"https:\/\/tecnoras.com\/de\/wp-json\/wp\/v2\/pages\/1000\/revisions"}],"predecessor-version":[{"id":2655,"href":"https:\/\/tecnoras.com\/de\/wp-json\/wp\/v2\/pages\/1000\/revisions\/2655"}],"wp:attachment":[{"href":"https:\/\/tecnoras.com\/de\/wp-json\/wp\/v2\/media?parent=1000"}],"curies":[{"name":"wp","href":"https:\/\/api.w.org\/{rel}","templated":true}]}}