{"id":1066,"date":"2025-06-16T17:55:19","date_gmt":"2025-06-16T15:55:19","guid":{"rendered":"https:\/\/tecnoras.com\/politica-de-privadesa\/"},"modified":"2025-10-03T09:25:28","modified_gmt":"2025-10-03T07:25:28","slug":"politica-de-privadesa","status":"publish","type":"page","link":"https:\/\/tecnoras.com\/ca\/politica-de-privadesa\/","title":{"rendered":"Pol\u00edtica de privadesa"},"content":{"rendered":"\n<p><strong>Responsable del Tractament<\/strong><\/p>\n\n<p>L&#8217;empresa responsable del tractament de les vostres dades en virtut d&#8217;aquesta Pol\u00edtica de privadesa \u00e9s:<\/p>\n\n<ul class=\"wp-block-list\">\n<li>TECNORAS, S.A.<br\/><strong>NIF<\/strong>: A-58386921<\/li>\n\n\n\n<li><strong>Domicili<\/strong>: AV. DE LA MARINA, 50D, 08830, SANT BOI DE LLOBREGAT, Barcelona.<\/li>\n\n\n\n<li><strong>Adre\u00e7a de correu electr\u00f2nic<\/strong>: info@tecnoras.com<\/li>\n\n\n\n<li><strong>Web<\/strong>: <a href=\"http:\/\/tecnoras.com\/\">http:\/\/tecnoras.com\/<\/a><\/li>\n\n\n\n<li><strong>Tel\u00e9fono: <\/strong>+34 936 528 037<\/li>\n\n\n\n<li>Inscrita al Registre Mercantil de Barcelona, \u200b\u200bal Torn 8607, Foli 01113, Full n\u00fam. B 100266, Llibre 7852, Inscripci\u00f3 1r.<\/li>\n\n\n\n<li>A TECNORAS, S.A., reconeixem la import\u00e0ncia de protegir la vostra informaci\u00f3 personal i estem compromesos a tractar-la amb responsabilitat i de conformitat amb les lleis de protecci\u00f3 de dades.<br\/>Aquesta pol\u00edtica de privadesa pret\u00e9n regular tots els aspectes relatius al tractament de dades dels diferents usuaris que naveguen o faciliten les seves dades personals a trav\u00e9s dels diferents formularis situats a la web.<\/li>\n<\/ul>\n\n<p><strong>Dades Personals<\/strong><\/p>\n\n<p>Una dada personal, \u00e9s la informaci\u00f3 que us identifica o us fa identificable. A trav\u00e9s del web, a les caselles establertes a aquest efecte recollim les dades personals que l&#8217;usuari ens comunica: Nom, cognoms, correu electr\u00f2nic, tel\u00e8fon, adre\u00e7a postal, poblaci\u00f3, etc. aix\u00ed com totes aquelles dades que volunt\u00e0riament ens proporcioneu a trav\u00e9s de qualsevol de les xarxes socials de les quals l&#8217;usuari est\u00e0 registrat. En aquest cas, la privadesa dependr\u00e0 de la pr\u00f2pia configuraci\u00f3 establerta per l&#8217;usuari aix\u00ed com dels termes i condicions de la pr\u00f2pia xarxa social.  <\/p>\n\n<p>La visita de l&#8217;usuari a la web no implica que hagi de facilitar cap informaci\u00f3 sobre les vostres dades personals. No obstant aix\u00f2, en cas de facilitar-los, les dades seran tractades de forma l\u00edcita amb subjecci\u00f3 en tot moment als principis i drets recollits al RGPD 2016\/679 de 27 d&#8217;abril de 2016 i la LOPDGDD 3\/2018 del 5 de desembre. <\/p>\n\n<p><strong>Finalitat, durada i legitimaci\u00f3 del tractament:<\/strong> Les dades que l&#8217;usuari ens proporcioni les tractarem amb les finalitats seg\u00fcents:<br\/>Atendre la sol\u00b7licitud o petici\u00f3 realitzada per l&#8217;usuari a trav\u00e9s del <strong>formulari de contacte<\/strong> situat a la web. Recollim i tractem les dades personals de l&#8217;usuari per poder tramitar i gestionar la vostra sol\u00b7licitud, una consulta o qualsevol petici\u00f3 que realitzeu a trav\u00e9s d&#8217;aquest formulari. Aquestes dades les conservarem durant el temps necessari per donar compliment a la vostra petici\u00f3 i durant el temps establert per la llei amb una durada m\u00ednima de 3 anys.  <\/p>\n\n<p>La base de legitimaci\u00f3 del tractament de les dades ser\u00e0 el consentiment que atorga l&#8217;usuari en seleccionar la casella d&#8217;acceptaci\u00f3 de la nostra pol\u00edtica de privadesa abans d&#8217;enviar la petici\u00f3. L&#8217;usuari t\u00e9 dret a revocar el consentiment en qualsevol moment sense que aix\u00f2 afecti la licitud del tractament basat en el consentiment previ a la seva retirada. <\/p>\n\n<p>Millorar la seva experi\u00e8ncia en navegar per la web. Aquestes dades les conservarem mentre l&#8217;usuari no revoqui el seu consentiment al tractament eliminant les cookies i durant el temps establert per la llei amb una durada m\u00ednima de 3 anys. <\/p>\n\n<p>La base de legitimaci\u00f3 per millorar la vostra experi\u00e8ncia en navegar per la web \u00e9s el consentiment que atorga l&#8217;usuari en acceptar les cookies. L&#8217;usuari t\u00e9 dret a revocar el consentiment en qualsevol moment sense que aix\u00f2 afecti la licitud del tractament basat en el consentiment previ a la seva retirada. <\/p>\n\n<p>Gestionar les nostres <strong>xarxes socials<\/strong> i enviar informaci\u00f3 sobre les nostres activitats i productes. Aquestes dades les conservarem mentre l&#8217;usuari no revoqui el seu consentiment al seu tractament i durant el temps establert per la llei amb una durada m\u00ednima de 3 anys. <\/p>\n\n<p>La base leg\u00edtima per gestionar les nostres xarxes socials i enviar-li les nostres activitats i novetats, \u00e9s el consentiment que ens atorga. L&#8217;usuari t\u00e9 dret a revocar el consentiment en qualsevol moment sense que aix\u00f2 afecti la licitud del tractament basat en el consentiment previ a la seva retirada. <\/p>\n\n<p><strong>Actualitzaci\u00f3 de dades<\/strong><\/p>\n\n<p>\u00c9s important que perqu\u00e8 puguem mantenir les dades personals actualitzades, l&#8217;usuari ens informi sempre que hi hagi hagut alguna modificaci\u00f3, en cas contrari, no responem de la seva veracitat.<\/p>\n\n<p>L&#8217;usuari garanteix que les dades personals facilitades s\u00f3n veraces garantint que tota la informaci\u00f3 facilitada correspon a la situaci\u00f3 real, que est\u00e0 actualitzada i \u00e9s exacta, i queda obligat a comunicar qualsevol modificaci\u00f3.<\/p>\n\n<p><strong>Dades de Tercers<\/strong><\/p>\n\n<p>Si l&#8217;usuari facilita dades de terceres persones per a qualsevol finalitat a TECNORAS, SA garanteix, que ha obtingut aquestes dades de forma l\u00edcita, que ha informat pr\u00e8viament els afectats, obtenint el seu consentiment per comunicar-los i que la informaci\u00f3 facilitada \u00e9s exacta i vera\u00e7.<\/p>\n\n<p><strong>Car\u00e0cter obligatori de la informaci\u00f3 sol\u00b7licitada<\/strong><\/p>\n\n<p>Tots els nostres formularis compten amb un asterisc (*) a les dades obligat\u00f2ries. Si l&#8217;usuari no facilita aquests camps, o b\u00e9 no marca la casella d&#8217;acceptaci\u00f3 de la pol\u00edtica de privadesa, no es permetr\u00e0 l&#8217;enviament de la informaci\u00f3. <\/p>\n\n<p><strong>\u00das de les contrasenyes<\/strong><\/p>\n\n<p>Per poder accedir a l&#8217;\u00c0rea Privada, l&#8217;USUARI haur\u00e0 de \u201cIniciar Sessi\u00f3\u201d i incloure l&#8217;adre\u00e7a del correu electr\u00f2nic i contrasenya generada al formulari de registre d&#8217;acord amb les regles de complexitat que s&#8217;estableixin a cada moment a la web.<br\/>Els usuaris s\u00f3n responsables de l&#8217;adequada cust\u00f2dia i confidencialitat de qualsevol dels identificadors i\/o contrasenyes que hagin seleccionat al registre, i es comprometen a no cedir-ne l&#8217;\u00fas a tercers, ni permetre&#8217;n l&#8217;acc\u00e9s a persones alienes.<br\/>Aix\u00ed mateix, ser\u00e0 obligaci\u00f3 de l&#8217;usuari notificar de forma immediata al Responsable qualsevol fet que permeti l&#8217;\u00fas indegut dels identificadors i\/o contrasenyes, com ara el robatori, la p\u00e8rdua, o l&#8217;acc\u00e9s no autoritzat a aquests, a fi de procedir a cancel\u00b7lar-la immediatament.<\/p>\n\n<p><strong>Drets dels interessats:<\/strong><\/p>\n\n<p>Teniu dret a accedir a les vostres dades ia obtenir confirmaci\u00f3 sobre el vostre tractament, aix\u00ed com una c\u00f2pia de les dades personals objecte de tractament. T\u00e9 dret a actualitzar-los i sol\u00b7licitar la rectificaci\u00f3 de les dades que siguin inexactes o sol\u00b7licitar la supressi\u00f3 quan les dades no siguin necess\u00e0ries per als fins per als quals van ser demanades. Podeu sol\u00b7licitar la limitaci\u00f3 en el tractament de les vostres dades i oposar-vos al tractament d&#8217;aquestes dades revocant el vostre consentiment, aix\u00ed com exercir el dret a la portabilitat de les dades. De la mateixa manera, t\u00e9 dret a no ser objecte de decisions basades \u00fanicament en el tractament automatitzat de les dades personals. Podeu exercir els vostres drets contactant amb nosaltres a AV.     DE LA MARINA, 50D, 08830, SANT BOI DE LLOBREGAT, Barcelona. Email: info@tecnoras.com<br\/>Si considereu que els vostres drets no s&#8217;han at\u00e8s degudament, teniu dret a presentar una reclamaci\u00f3 davant l&#8217;autoritat de control a www.aepd.es<\/p>\n\n<p><strong>Tractament de dades de menors d&#8217;edat<\/strong><\/p>\n\n<p>Qui facilita les dades a trav\u00e9s dels formularis d&#8217;aquesta web i accepta el seu tractament declara ser major de 14 anys, i queda prohibit l&#8217;acc\u00e9s i l&#8217;\u00fas del portal a menors d&#8217;aquesta edat. Si en algun moment, el Responsable detecta que un menor de 14 anys ha proporcionat dades de car\u00e0cter personal, procedirem a cancel\u00b7lar-les. Aix\u00ed mateix, els pares o tutors podran en qualsevol cas adre\u00e7ar-se a TECNORAS, S.A. per bloquejar el compte d&#8217;acc\u00e9s dels menors a c\u00e0rrec seu que s&#8217;hagin registrat falsejant la identitat.  <\/p>\n\n<p><strong>Xarxes socials<\/strong><\/p>\n\n<p>L&#8217;objecte de les eines com Facebook, Twitter, Instagram, etc. o altres xarxes socials \u00e9s donar visibilitat i difusi\u00f3 a les activitats que desenvolupa la nostra organitzaci\u00f3. privadesa del perfil d&#8217;usuari a la xarxa social.<br\/>Aix\u00ed mateix, el Responsable es reserva el dret d&#8217;eliminar de les xarxes socials qualsevol informaci\u00f3 publicada per tercers que vulneri la legalitat, inciti a fer-ho o contingui missatges que atemptin contra la dignitat de persones o institucions. Com tamb\u00e9 el dret a bloquejar o denunciar el perfil autor d&#8217;aquests missatges.   <\/p>\n\n<p><strong>Tractament de Cookies:<\/strong><\/p>\n\n<p>Una cookie \u00e9s un petit arxiu que es descarrega i emmagatzema a l&#8217;ordinador de l&#8217;usuari quan accedeixi a una p\u00e0gina web. Les Cookies permeten a la web, entre altres coses, emmagatzemar i recuperar informaci\u00f3 sobre els h\u00e0bits de navegaci\u00f3 de l&#8217;usuari o del seu equip i, depenent de la informaci\u00f3 que cont\u00e9 i de la forma en qu\u00e8 utilitzi el seu equip, poden utilitzar-se per recon\u00e8ixer l&#8217;usuari.<br\/>L&#8217;usuari t\u00e9 l&#8217;opci\u00f3 d&#8217;impedir la generaci\u00f3 de cookies, mitjan\u00e7ant la selecci\u00f3 de l&#8217;opci\u00f3 corresponent al seu programa de navegador. Podeu obtenir m\u00e9s informaci\u00f3 llegint la nostra <a href=\"https:\/\/tecnoras.com\/ca\/politica-de-cookies\/\">Pol\u00edtica de Cookies<\/a>.  <\/p>\n","protected":false},"excerpt":{"rendered":"<p>Responsable del Tractament L&#8217;empresa responsable del tractament de les vostres dades en virtut d&#8217;aquesta Pol\u00edtica de privadesa \u00e9s: Dades Personals Una dada personal, \u00e9s la informaci\u00f3 que us identifica o us fa identificable. A trav\u00e9s del web, a les caselles establertes a aquest efecte recollim les dades personals que l&#8217;usuari ens comunica: Nom, cognoms, correu&#8230;<\/p>\n","protected":false},"author":2,"featured_media":0,"parent":0,"menu_order":0,"comment_status":"closed","ping_status":"closed","template":"","meta":{"_kadence_starter_templates_imported_post":false,"_kad_post_transparent":"","_kad_post_title":"","_kad_post_layout":"","_kad_post_sidebar_id":"","_kad_post_content_style":"","_kad_post_vertical_padding":"","_kad_post_feature":"","_kad_post_feature_position":"","_kad_post_header":false,"_kad_post_footer":false,"_kad_post_classname":"","footnotes":""},"class_list":["post-1066","page","type-page","status-publish","hentry"],"yoast_head":"<!-- This site is optimized with the Yoast SEO plugin v26.8 - https:\/\/yoast.com\/product\/yoast-seo-wordpress\/ -->\n<title>Pol\u00edtica de privadesa - tecnoras<\/title>\n<meta name=\"robots\" content=\"index, follow, max-snippet:-1, max-image-preview:large, max-video-preview:-1\" \/>\n<link rel=\"canonical\" href=\"https:\/\/tecnoras.com\/ca\/politica-de-privadesa\/\" \/>\n<meta property=\"og:locale\" content=\"ca_ES\" \/>\n<meta property=\"og:type\" content=\"article\" \/>\n<meta property=\"og:title\" content=\"Pol\u00edtica de privadesa - tecnoras\" \/>\n<meta property=\"og:description\" content=\"Responsable del Tractament L&#8217;empresa responsable del tractament de les vostres dades en virtut d&#8217;aquesta Pol\u00edtica de privadesa \u00e9s: Dades Personals Una dada personal, \u00e9s la informaci\u00f3 que us identifica o us fa identificable. A trav\u00e9s del web, a les caselles establertes a aquest efecte recollim les dades personals que l&#8217;usuari ens comunica: Nom, cognoms, correu...\" \/>\n<meta property=\"og:url\" content=\"https:\/\/tecnoras.com\/ca\/politica-de-privadesa\/\" \/>\n<meta property=\"og:site_name\" content=\"tecnoras\" \/>\n<meta property=\"article:modified_time\" content=\"2025-10-03T07:25:28+00:00\" \/>\n<meta name=\"twitter:card\" content=\"summary_large_image\" \/>\n<meta name=\"twitter:label1\" content=\"Temps estimat de lectura\" \/>\n\t<meta name=\"twitter:data1\" content=\"7 minuts\" \/>\n<script type=\"application\/ld+json\" class=\"yoast-schema-graph\">{\"@context\":\"https:\/\/schema.org\",\"@graph\":[{\"@type\":\"WebPage\",\"@id\":\"https:\/\/tecnoras.com\/ca\/politica-de-privadesa\/\",\"url\":\"https:\/\/tecnoras.com\/ca\/politica-de-privadesa\/\",\"name\":\"Pol\u00edtica de privadesa - tecnoras\",\"isPartOf\":{\"@id\":\"https:\/\/tecnoras.com\/ca\/#website\"},\"datePublished\":\"2025-06-16T15:55:19+00:00\",\"dateModified\":\"2025-10-03T07:25:28+00:00\",\"breadcrumb\":{\"@id\":\"https:\/\/tecnoras.com\/ca\/politica-de-privadesa\/#breadcrumb\"},\"inLanguage\":\"ca\",\"potentialAction\":[{\"@type\":\"ReadAction\",\"target\":[\"https:\/\/tecnoras.com\/ca\/politica-de-privadesa\/\"]}]},{\"@type\":\"BreadcrumbList\",\"@id\":\"https:\/\/tecnoras.com\/ca\/politica-de-privadesa\/#breadcrumb\",\"itemListElement\":[{\"@type\":\"ListItem\",\"position\":1,\"name\":\"Portada\",\"item\":\"https:\/\/tecnoras.com\/ca\/\"},{\"@type\":\"ListItem\",\"position\":2,\"name\":\"Pol\u00edtica de privadesa\"}]},{\"@type\":\"WebSite\",\"@id\":\"https:\/\/tecnoras.com\/ca\/#website\",\"url\":\"https:\/\/tecnoras.com\/ca\/\",\"name\":\"tecnoras.com\",\"description\":\"Fabricaci\u00f3n de herramientas de metal duro y acero\",\"publisher\":{\"@id\":\"https:\/\/tecnoras.com\/ca\/#organization\"},\"potentialAction\":[{\"@type\":\"SearchAction\",\"target\":{\"@type\":\"EntryPoint\",\"urlTemplate\":\"https:\/\/tecnoras.com\/ca\/?s={search_term_string}\"},\"query-input\":{\"@type\":\"PropertyValueSpecification\",\"valueRequired\":true,\"valueName\":\"search_term_string\"}}],\"inLanguage\":\"ca\"},{\"@type\":\"Organization\",\"@id\":\"https:\/\/tecnoras.com\/ca\/#organization\",\"name\":\"TECNORAS, S.A.\",\"url\":\"https:\/\/tecnoras.com\/ca\/\",\"logo\":{\"@type\":\"ImageObject\",\"inLanguage\":\"ca\",\"@id\":\"https:\/\/tecnoras.com\/ca\/#\/schema\/logo\/image\/\",\"url\":\"https:\/\/tecnoras.com\/wp-content\/uploads\/2025\/06\/cropped-logo.jpg\",\"contentUrl\":\"https:\/\/tecnoras.com\/wp-content\/uploads\/2025\/06\/cropped-logo.jpg\",\"width\":361,\"height\":297,\"caption\":\"TECNORAS, S.A.\"},\"image\":{\"@id\":\"https:\/\/tecnoras.com\/ca\/#\/schema\/logo\/image\/\"}}]}<\/script>\n<!-- \/ Yoast SEO plugin. -->","yoast_head_json":{"title":"Pol\u00edtica de privadesa - tecnoras","robots":{"index":"index","follow":"follow","max-snippet":"max-snippet:-1","max-image-preview":"max-image-preview:large","max-video-preview":"max-video-preview:-1"},"canonical":"https:\/\/tecnoras.com\/ca\/politica-de-privadesa\/","og_locale":"ca_ES","og_type":"article","og_title":"Pol\u00edtica de privadesa - tecnoras","og_description":"Responsable del Tractament L&#8217;empresa responsable del tractament de les vostres dades en virtut d&#8217;aquesta Pol\u00edtica de privadesa \u00e9s: Dades Personals Una dada personal, \u00e9s la informaci\u00f3 que us identifica o us fa identificable. A trav\u00e9s del web, a les caselles establertes a aquest efecte recollim les dades personals que l&#8217;usuari ens comunica: Nom, cognoms, correu...","og_url":"https:\/\/tecnoras.com\/ca\/politica-de-privadesa\/","og_site_name":"tecnoras","article_modified_time":"2025-10-03T07:25:28+00:00","twitter_card":"summary_large_image","twitter_misc":{"Temps estimat de lectura":"7 minuts"},"schema":{"@context":"https:\/\/schema.org","@graph":[{"@type":"WebPage","@id":"https:\/\/tecnoras.com\/ca\/politica-de-privadesa\/","url":"https:\/\/tecnoras.com\/ca\/politica-de-privadesa\/","name":"Pol\u00edtica de privadesa - tecnoras","isPartOf":{"@id":"https:\/\/tecnoras.com\/ca\/#website"},"datePublished":"2025-06-16T15:55:19+00:00","dateModified":"2025-10-03T07:25:28+00:00","breadcrumb":{"@id":"https:\/\/tecnoras.com\/ca\/politica-de-privadesa\/#breadcrumb"},"inLanguage":"ca","potentialAction":[{"@type":"ReadAction","target":["https:\/\/tecnoras.com\/ca\/politica-de-privadesa\/"]}]},{"@type":"BreadcrumbList","@id":"https:\/\/tecnoras.com\/ca\/politica-de-privadesa\/#breadcrumb","itemListElement":[{"@type":"ListItem","position":1,"name":"Portada","item":"https:\/\/tecnoras.com\/ca\/"},{"@type":"ListItem","position":2,"name":"Pol\u00edtica de privadesa"}]},{"@type":"WebSite","@id":"https:\/\/tecnoras.com\/ca\/#website","url":"https:\/\/tecnoras.com\/ca\/","name":"tecnoras.com","description":"Fabricaci\u00f3n de herramientas de metal duro y acero","publisher":{"@id":"https:\/\/tecnoras.com\/ca\/#organization"},"potentialAction":[{"@type":"SearchAction","target":{"@type":"EntryPoint","urlTemplate":"https:\/\/tecnoras.com\/ca\/?s={search_term_string}"},"query-input":{"@type":"PropertyValueSpecification","valueRequired":true,"valueName":"search_term_string"}}],"inLanguage":"ca"},{"@type":"Organization","@id":"https:\/\/tecnoras.com\/ca\/#organization","name":"TECNORAS, S.A.","url":"https:\/\/tecnoras.com\/ca\/","logo":{"@type":"ImageObject","inLanguage":"ca","@id":"https:\/\/tecnoras.com\/ca\/#\/schema\/logo\/image\/","url":"https:\/\/tecnoras.com\/wp-content\/uploads\/2025\/06\/cropped-logo.jpg","contentUrl":"https:\/\/tecnoras.com\/wp-content\/uploads\/2025\/06\/cropped-logo.jpg","width":361,"height":297,"caption":"TECNORAS, S.A."},"image":{"@id":"https:\/\/tecnoras.com\/ca\/#\/schema\/logo\/image\/"}}]}},"_links":{"self":[{"href":"https:\/\/tecnoras.com\/ca\/wp-json\/wp\/v2\/pages\/1066","targetHints":{"allow":["GET"]}}],"collection":[{"href":"https:\/\/tecnoras.com\/ca\/wp-json\/wp\/v2\/pages"}],"about":[{"href":"https:\/\/tecnoras.com\/ca\/wp-json\/wp\/v2\/types\/page"}],"author":[{"embeddable":true,"href":"https:\/\/tecnoras.com\/ca\/wp-json\/wp\/v2\/users\/2"}],"replies":[{"embeddable":true,"href":"https:\/\/tecnoras.com\/ca\/wp-json\/wp\/v2\/comments?post=1066"}],"version-history":[{"count":3,"href":"https:\/\/tecnoras.com\/ca\/wp-json\/wp\/v2\/pages\/1066\/revisions"}],"predecessor-version":[{"id":2654,"href":"https:\/\/tecnoras.com\/ca\/wp-json\/wp\/v2\/pages\/1066\/revisions\/2654"}],"wp:attachment":[{"href":"https:\/\/tecnoras.com\/ca\/wp-json\/wp\/v2\/media?parent=1066"}],"curies":[{"name":"wp","href":"https:\/\/api.w.org\/{rel}","templated":true}]}}